{"id":186,"date":"2025-07-09T14:07:33","date_gmt":"2025-07-09T14:07:33","guid":{"rendered":"https:\/\/hossegor-surf-retreat.com\/?page_id=186"},"modified":"2025-07-10T08:20:28","modified_gmt":"2025-07-10T08:20:28","slug":"pourquoi-choisir-hossegor-surf-retreat","status":"publish","type":"page","link":"https:\/\/hossegor-surf-retreat.com\/en\/pourquoi-choisir-hossegor-surf-retreat\/","title":{"rendered":"Pourquoi choisir Hossegor Surf Retreat"},"content":{"rendered":"<div data-elementor-type=\"wp-page\" data-elementor-id=\"186\" class=\"elementor elementor-186\" data-elementor-post-type=\"page\">\n\t\t\t\t<div class=\"elementor-element elementor-element-98bcfa8 e-flex e-con-boxed e-con e-parent\" data-id=\"98bcfa8\" data-element_type=\"container\">\n\t\t\t\t\t<div class=\"e-con-inner\">\n\t\t\t\t<div class=\"elementor-element elementor-element-2031a54 elementor-widget elementor-widget-heading\" data-id=\"2031a54\" data-element_type=\"widget\" data-widget_type=\"heading.default\">\n\t\t\t\t\t<h1 class=\"elementor-heading-title elementor-size-default\">Pourquoi choisir Hossegor Surf Retreat ?\n<\/h1>\t\t\t\t<\/div>\n\t\t\t\t<div class=\"elementor-element elementor-element-6d8f0c9 elementor-widget elementor-widget-text-editor\" data-id=\"6d8f0c9\" data-element_type=\"widget\" data-widget_type=\"text-editor.default\">\n\t\t\t\t\t\t\t\t\t<h2 data-start=\"439\" data-end=\"518\"><strong data-start=\"445\" data-end=\"518\">Surf Retreat \u00e0 Hossegor \u2013 Surf, Yoga &amp; \u00c9vasion dans les Landes<\/strong><\/h2>\t\t\t\t\t\t\t\t<\/div>\n\t\t\t\t<div class=\"elementor-element elementor-element-de10735 elementor-widget elementor-widget-text-editor\" data-id=\"de10735\" data-element_type=\"widget\" data-widget_type=\"text-editor.default\">\n\t\t\t\t\t\t\t\t\t<p>Nich\u00e9e au c\u0153ur de la c\u00f4te landaise, \u00e0 quelques pas des plages mythiques de La Gravi\u00e8re et de La Nord, notre <strong data-start=\"391\" data-end=\"418\">surf retreat \u00e0 Hossegor<\/strong> est bien plus qu\u2019un simple s\u00e9jour. C\u2019est une parenth\u00e8se ressour\u00e7ante o\u00f9 le surf, le yoga et la nature s\u2019unissent pour cr\u00e9er une exp\u00e9rience de transformation. Que vous soyez un(e) surfeur(se) d\u00e9butant(e) ou confirm\u00e9(e), un(e) passionn\u00e9(e) de yoga ou simplement en qu\u00eate de reconnexion, ici, chaque journ\u00e9e est pens\u00e9e pour vous faire du bien.<\/p>\t\t\t\t\t\t\t\t<\/div>\n\t\t\t\t<div class=\"elementor-element elementor-element-ba9d973 elementor-widget elementor-widget-text-editor\" data-id=\"ba9d973\" data-element_type=\"widget\" data-widget_type=\"text-editor.default\">\n\t\t\t\t\t\t\t\t\t<p>Plongez au c\u0153ur de la c\u00f4te landaise avec un <strong data-start=\"728\" data-end=\"750\">s\u00e9jour surf &amp; yoga<\/strong> dans un cadre naturel exceptionnel. Notre <strong data-start=\"793\" data-end=\"820\">surf retreat \u00e0 Hossegor<\/strong> vous accueille pour une <strong data-start=\"845\" data-end=\"869\">exp\u00e9rience immersive<\/strong> m\u00ealant <strong data-start=\"877\" data-end=\"915\">glisse, relaxation et convivialit\u00e9<\/strong>. D\u00e9butant\u00b7e ou confirm\u00e9\u00b7e, vous trouverez ici un \u00e9quilibre parfait entre <strong data-start=\"989\" data-end=\"1011\">\u00e9nergie de l\u2019oc\u00e9an<\/strong> et <strong data-start=\"1015\" data-end=\"1034\">paix int\u00e9rieure<\/strong>.<\/p><ul data-start=\"1102\" data-end=\"1352\"><li data-start=\"1102\" data-end=\"1178\"><p data-start=\"1104\" data-end=\"1178\"><strong data-start=\"1104\" data-end=\"1141\">Spots de surf mondialement connus<\/strong> : La Gravi\u00e8re, La Nord, Les Culs Nus<\/p><\/li><li data-start=\"1179\" data-end=\"1241\"><p data-start=\"1181\" data-end=\"1241\"><strong data-start=\"1181\" data-end=\"1215\">Vagues puissantes &amp; r\u00e9guli\u00e8res<\/strong> id\u00e9ales pour tous niveaux<\/p><\/li><li data-start=\"1242\" data-end=\"1305\"><p data-start=\"1244\" data-end=\"1305\">Station baln\u00e9aire dynamique avec une culture surf authentique<\/p><\/li><li data-start=\"1306\" data-end=\"1352\"><p data-start=\"1308\" data-end=\"1352\">\u00c0 seulement 40 min de l\u2019a\u00e9roport de Biarritz, 5 min des plages de Seignosse (Les bourdaines, les estagnots etc&#8230;)<\/p><\/li><\/ul>\t\t\t\t\t\t\t\t<\/div>\n\t\t<div class=\"elementor-element elementor-element-1ecc11d e-con-full e-flex e-con e-child\" data-id=\"1ecc11d\" data-element_type=\"container\">\n\t\t\t\t<div class=\"elementor-element elementor-element-6554f74 elementor-widget elementor-widget-image\" data-id=\"6554f74\" data-element_type=\"widget\" data-widget_type=\"image.default\">\n\t\t\t\t\t\t\t\t\t\t\t\t\t\t\t<img fetchpriority=\"high\" decoding=\"async\" width=\"772\" height=\"1024\" src=\"https:\/\/hossegor-surf-retreat.com\/wp-content\/uploads\/2025\/07\/image-4-772x1024.webp\" class=\"attachment-large size-large wp-image-39\" alt=\"\" srcset=\"https:\/\/hossegor-surf-retreat.com\/wp-content\/uploads\/2025\/07\/image-4-772x1024.webp 772w, https:\/\/hossegor-surf-retreat.com\/wp-content\/uploads\/2025\/07\/image-4-226x300.webp 226w, https:\/\/hossegor-surf-retreat.com\/wp-content\/uploads\/2025\/07\/image-4-768x1019.webp 768w, https:\/\/hossegor-surf-retreat.com\/wp-content\/uploads\/2025\/07\/image-4-1158x1536.webp 1158w, https:\/\/hossegor-surf-retreat.com\/wp-content\/uploads\/2025\/07\/image-4-1544x2048.webp 1544w, https:\/\/hossegor-surf-retreat.com\/wp-content\/uploads\/2025\/07\/image-4.webp 1628w\" sizes=\"(max-width: 772px) 100vw, 772px\" \/>\t\t\t\t\t\t\t\t\t\t\t\t\t\t\t<\/div>\n\t\t\t\t<div class=\"elementor-element elementor-element-cbb32c1 elementor-widget elementor-widget-image\" data-id=\"cbb32c1\" data-element_type=\"widget\" data-widget_type=\"image.default\">\n\t\t\t\t\t\t\t\t\t\t\t\t\t\t\t<img decoding=\"async\" width=\"768\" height=\"1024\" src=\"https:\/\/hossegor-surf-retreat.com\/wp-content\/uploads\/2025\/07\/image-20-768x1024.webp\" class=\"attachment-large size-large wp-image-43\" alt=\"\" srcset=\"https:\/\/hossegor-surf-retreat.com\/wp-content\/uploads\/2025\/07\/image-20-768x1024.webp 768w, https:\/\/hossegor-surf-retreat.com\/wp-content\/uploads\/2025\/07\/image-20-225x300.webp 225w, https:\/\/hossegor-surf-retreat.com\/wp-content\/uploads\/2025\/07\/image-20-1152x1536.webp 1152w, https:\/\/hossegor-surf-retreat.com\/wp-content\/uploads\/2025\/07\/image-20.webp 1522w\" sizes=\"(max-width: 768px) 100vw, 768px\" \/>\t\t\t\t\t\t\t\t\t\t\t\t\t\t\t<\/div>\n\t\t\t\t<\/div>\n\t\t\t\t\t<\/div>\n\t\t\t\t<\/div>\n\t\t<div class=\"elementor-element elementor-element-e495c3d e-flex e-con-boxed e-con e-parent\" data-id=\"e495c3d\" data-element_type=\"container\">\n\t\t\t\t\t<div class=\"e-con-inner\">\n\t\t\t\t<div class=\"elementor-element elementor-element-24c2e9e elementor-widget elementor-widget-heading\" data-id=\"24c2e9e\" data-element_type=\"widget\" data-widget_type=\"heading.default\">\n\t\t\t\t\t<h1 class=\"elementor-heading-title elementor-size-default\">\ud83c\udfc4\u200d\u2640\ufe0f Un S\u00e9jour 100 % Surf et Yoga dans les Landes\n<\/h1>\t\t\t\t<\/div>\n\t\t\t\t<div class=\"elementor-element elementor-element-6387134 elementor-widget elementor-widget-text-editor\" data-id=\"6387134\" data-element_type=\"widget\" data-widget_type=\"text-editor.default\">\n\t\t\t\t\t\t\t\t\t<h2 data-start=\"439\" data-end=\"518\">Le c\u0153ur de notre retreat, c\u2019est bien s\u00fbr le <strong data-start=\"865\" data-end=\"873\">surf<\/strong>. Gr\u00e2ce \u00e0 l\u2019emplacement privil\u00e9gi\u00e9 d\u2019Hossegor.<\/h2>\t\t\t\t\t\t\t\t<\/div>\n\t\t\t\t<div class=\"elementor-element elementor-element-4fdbf41 elementor-widget elementor-widget-text-editor\" data-id=\"4fdbf41\" data-element_type=\"widget\" data-widget_type=\"text-editor.default\">\n\t\t\t\t\t\t\t\t\t<p data-start=\"821\" data-end=\"1229\">Le c\u0153ur de notre retreat, c\u2019est bien s\u00fbr le <strong data-start=\"865\" data-end=\"873\">surf<\/strong>. Gr\u00e2ce \u00e0 l\u2019emplacement privil\u00e9gi\u00e9 d\u2019Hossegor, vous acc\u00e9dez \u00e0 certains des meilleurs spots d\u2019Europe, r\u00e9put\u00e9s pour la qualit\u00e9 de leurs vagues et leur constance. Encadr\u00e9(e) par des moniteurs certifi\u00e9s, vous progressez \u00e0 votre rythme, en toute s\u00e9curit\u00e9. Chaque session est adapt\u00e9e \u00e0 votre niveau, avec possibilit\u00e9 d\u2019analyse vid\u00e9o pour affiner votre technique.<\/p><p data-start=\"1231\" data-end=\"1592\">Mais l\u2019\u00e9quilibre passe aussi par le corps et l\u2019esprit. C\u2019est pourquoi le <strong data-start=\"1304\" data-end=\"1312\">yoga<\/strong> tient une place essentielle dans notre programme. Des s\u00e9ances quotidiennes, au lever ou au coucher du soleil, vous aideront \u00e0 am\u00e9liorer votre souplesse, \u00e0 renforcer votre gainage et \u00e0 calmer votre esprit apr\u00e8s l\u2019effort. Le tout dans un cadre paisible, entre pins, dunes et oc\u00e9an.<\/p><p data-start=\"2648\" data-end=\"3120\">Hossegor, c\u2019est <strong data-start=\"2664\" data-end=\"2697\">la capitale du surf en France<\/strong>. Chaque ann\u00e9e, les plus grands riders y viennent d\u00e9fier ses vagues puissantes. Mais c\u2019est aussi une ville \u00e0 taille humaine, entour\u00e9e de for\u00eats, de lacs et de pistes cyclables. On y ressent une vraie <strong data-start=\"2897\" data-end=\"2913\">culture surf<\/strong>, loin du tourisme de masse, avec des valeurs de respect, de nature et d\u2019authenticit\u00e9. Que vous connaissiez d\u00e9j\u00e0 l\u2019oc\u00e9an ou non, Hossegor a cette magie qui transforme un simple s\u00e9jour en aventure int\u00e9rieure.<\/p>\t\t\t\t\t\t\t\t<\/div>\n\t\t<div class=\"elementor-element elementor-element-a2939af e-con-full e-flex e-con e-child\" data-id=\"a2939af\" data-element_type=\"container\">\n\t\t\t\t<div class=\"elementor-element elementor-element-03b7a86 elementor-widget elementor-widget-image\" data-id=\"03b7a86\" data-element_type=\"widget\" data-widget_type=\"image.default\">\n\t\t\t\t\t\t\t\t\t\t\t\t\t\t\t<img decoding=\"async\" width=\"800\" height=\"613\" src=\"https:\/\/hossegor-surf-retreat.com\/wp-content\/uploads\/2025\/07\/image-7-1024x784.webp\" class=\"attachment-large size-large wp-image-41\" alt=\"\" srcset=\"https:\/\/hossegor-surf-retreat.com\/wp-content\/uploads\/2025\/07\/image-7-1024x784.webp 1024w, https:\/\/hossegor-surf-retreat.com\/wp-content\/uploads\/2025\/07\/image-7-300x230.webp 300w, https:\/\/hossegor-surf-retreat.com\/wp-content\/uploads\/2025\/07\/image-7-768x588.webp 768w, https:\/\/hossegor-surf-retreat.com\/wp-content\/uploads\/2025\/07\/image-7.webp 1520w\" sizes=\"(max-width: 800px) 100vw, 800px\" \/>\t\t\t\t\t\t\t\t\t\t\t\t\t\t\t<\/div>\n\t\t\t\t<div class=\"elementor-element elementor-element-0cf1bf5 elementor-widget elementor-widget-image\" data-id=\"0cf1bf5\" data-element_type=\"widget\" data-widget_type=\"image.default\">\n\t\t\t\t\t\t\t\t\t\t\t\t\t\t\t<img loading=\"lazy\" decoding=\"async\" width=\"800\" height=\"523\" src=\"https:\/\/hossegor-surf-retreat.com\/wp-content\/uploads\/2025\/07\/Capture-decran-2025-06-17-a-08.26.59-1-1024x670.webp\" class=\"attachment-large size-large wp-image-27\" alt=\"\" srcset=\"https:\/\/hossegor-surf-retreat.com\/wp-content\/uploads\/2025\/07\/Capture-decran-2025-06-17-a-08.26.59-1-1024x670.webp 1024w, https:\/\/hossegor-surf-retreat.com\/wp-content\/uploads\/2025\/07\/Capture-decran-2025-06-17-a-08.26.59-1-300x196.webp 300w, https:\/\/hossegor-surf-retreat.com\/wp-content\/uploads\/2025\/07\/Capture-decran-2025-06-17-a-08.26.59-1-768x503.webp 768w, https:\/\/hossegor-surf-retreat.com\/wp-content\/uploads\/2025\/07\/Capture-decran-2025-06-17-a-08.26.59-1-1536x1005.webp 1536w, https:\/\/hossegor-surf-retreat.com\/wp-content\/uploads\/2025\/07\/Capture-decran-2025-06-17-a-08.26.59-1.webp 1962w\" sizes=\"(max-width: 800px) 100vw, 800px\" \/>\t\t\t\t\t\t\t\t\t\t\t\t\t\t\t<\/div>\n\t\t\t\t<\/div>\n\t\t\t\t\t<\/div>\n\t\t\t\t<\/div>\n\t\t<div class=\"elementor-element elementor-element-1d3a97c e-flex e-con-boxed e-con e-parent\" data-id=\"1d3a97c\" data-element_type=\"container\">\n\t\t\t\t\t<div class=\"e-con-inner\">\n\t\t\t\t<div class=\"elementor-element elementor-element-f7927c1 elementor-widget elementor-widget-heading\" data-id=\"f7927c1\" data-element_type=\"widget\" data-widget_type=\"heading.default\">\n\t\t\t\t\t<h1 class=\"elementor-heading-title elementor-size-default\">Une Journ\u00e9e Type au Retreat<\/h1>\t\t\t\t<\/div>\n\t\t\t\t<div class=\"elementor-element elementor-element-39cbb1a elementor-widget elementor-widget-text-editor\" data-id=\"39cbb1a\" data-element_type=\"widget\" data-widget_type=\"text-editor.default\">\n\t\t\t\t\t\t\t\t\t<p data-start=\"1647\" data-end=\"2032\">Un H\u00e9bergement Confortable et Convivial<\/p>\t\t\t\t\t\t\t\t<\/div>\n\t\t\t\t<div class=\"elementor-element elementor-element-5a53b72 elementor-widget elementor-widget-text-editor\" data-id=\"5a53b72\" data-element_type=\"widget\" data-widget_type=\"text-editor.default\">\n\t\t\t\t\t\t\t\t\t<p data-start=\"2074\" data-end=\"2614\">Chaque journ\u00e9e suit un <strong data-start=\"2097\" data-end=\"2128\">rythme naturel et \u00e9quilibr\u00e9<\/strong>. Vous commencez par une s\u00e9ance de yoga au lever du soleil, suivie d\u2019un petit-d\u00e9jeuner riche en \u00e9nergie. Ensuite, place \u00e0 la premi\u00e8re session de surf : \u00e9chauffement, mise \u00e0 l\u2019eau, conseils techniques. L\u2019apr\u00e8s-midi peut \u00eatre plus libre, ou d\u00e9di\u00e9e \u00e0 une deuxi\u00e8me session de surf, un atelier bien-\u00eatre, ou tout simplement \u00e0 une sieste dans un hamac. Le soir, un yoga doux vous accompagne vers la d\u00e9tente, avant un d\u00eener partag\u00e9 et des \u00e9changes inspirants autour du feu ou sous les \u00e9toiles.<br><br>Notre maison, \u00e0 taille humaine, vous accueille dans une atmosph\u00e8re d\u00e9tendue et chaleureuse. Vous y trouverez des chambres confortables, des espaces communs propices aux rencontres, et un grand jardin o\u00f9 se d\u00e9tendre entre deux sessions. Tous les repas sont pr\u00e9par\u00e9s avec soin : une cuisine saine, locale, souvent v\u00e9g\u00e9tarienne, qui respecte votre rythme et vos besoins nutritionnels.<\/p>\t\t\t\t\t\t\t\t<\/div>\n\t\t<div class=\"elementor-element elementor-element-6244660 e-con-full e-flex e-con e-child\" data-id=\"6244660\" data-element_type=\"container\">\n\t\t\t\t<div class=\"elementor-element elementor-element-af91c32 elementor-widget elementor-widget-image\" data-id=\"af91c32\" data-element_type=\"widget\" data-widget_type=\"image.default\">\n\t\t\t\t\t\t\t\t\t\t\t\t\t\t\t<img loading=\"lazy\" decoding=\"async\" width=\"800\" height=\"444\" src=\"https:\/\/hossegor-surf-retreat.com\/wp-content\/uploads\/2025\/07\/Retraite-surf-yoga-4-900x500-1.webp\" class=\"attachment-large size-large wp-image-215\" alt=\"\" srcset=\"https:\/\/hossegor-surf-retreat.com\/wp-content\/uploads\/2025\/07\/Retraite-surf-yoga-4-900x500-1.webp 900w, https:\/\/hossegor-surf-retreat.com\/wp-content\/uploads\/2025\/07\/Retraite-surf-yoga-4-900x500-1-300x167.webp 300w, https:\/\/hossegor-surf-retreat.com\/wp-content\/uploads\/2025\/07\/Retraite-surf-yoga-4-900x500-1-768x427.webp 768w\" sizes=\"(max-width: 800px) 100vw, 800px\" \/>\t\t\t\t\t\t\t\t\t\t\t\t\t\t\t<\/div>\n\t\t\t\t<div class=\"elementor-element elementor-element-1fc3dfa elementor-widget elementor-widget-image\" data-id=\"1fc3dfa\" data-element_type=\"widget\" data-widget_type=\"image.default\">\n\t\t\t\t\t\t\t\t\t\t\t\t\t\t\t<img loading=\"lazy\" decoding=\"async\" width=\"683\" height=\"1024\" src=\"https:\/\/hossegor-surf-retreat.com\/wp-content\/uploads\/2025\/07\/image-15-683x1024.webp\" class=\"attachment-large size-large wp-image-42\" alt=\"\" srcset=\"https:\/\/hossegor-surf-retreat.com\/wp-content\/uploads\/2025\/07\/image-15-683x1024.webp 683w, https:\/\/hossegor-surf-retreat.com\/wp-content\/uploads\/2025\/07\/image-15-200x300.webp 200w, https:\/\/hossegor-surf-retreat.com\/wp-content\/uploads\/2025\/07\/image-15-768x1151.webp 768w, https:\/\/hossegor-surf-retreat.com\/wp-content\/uploads\/2025\/07\/image-15-1024x1536.webp 1024w, https:\/\/hossegor-surf-retreat.com\/wp-content\/uploads\/2025\/07\/image-15-1366x2048.webp 1366w, https:\/\/hossegor-surf-retreat.com\/wp-content\/uploads\/2025\/07\/image-15.webp 1522w\" sizes=\"(max-width: 683px) 100vw, 683px\" \/>\t\t\t\t\t\t\t\t\t\t\t\t\t\t\t<\/div>\n\t\t\t\t<\/div>\n\t\t\t\t\t<\/div>\n\t\t\t\t<\/div>\n\t\t\t\t<\/div>","protected":false},"excerpt":{"rendered":"<p>Nich\u00e9e au c\u0153ur de la c\u00f4te landaise, \u00e0 quelques pas des plages mythiques de La Gravi\u00e8re et de La Nord, notre surf retreat \u00e0 Hossegor est bien plus qu\u2019un simple s\u00e9jour. C\u2019est une parenth\u00e8se ressour\u00e7ante o\u00f9 le surf, le yoga et la nature s\u2019unissent pour cr\u00e9er une exp\u00e9rience de transformation. Que vous soyez un(e) surfeur(se) d\u00e9butant(e) ou confirm\u00e9(e), un(e) passionn\u00e9(e) de yoga ou simplement en qu\u00eate de reconnexion, ici, chaque journ\u00e9e est pens\u00e9e pour vous faire du bien.<\/p>","protected":false},"author":1,"featured_media":0,"parent":0,"menu_order":0,"comment_status":"closed","ping_status":"closed","template":"","meta":{"footnotes":""},"class_list":["post-186","page","type-page","status-publish","hentry"],"yoast_head":"<!-- This site is optimized with the Yoast SEO plugin v25.9 - https:\/\/yoast.com\/wordpress\/plugins\/seo\/ -->\n<title>Pourquoi choisir Hossegor Surf Retreat - Hossegor Surf Retreat<\/title>\n<meta name=\"description\" content=\"Rejoignez notre retraite de surf \u00e0 Hossegor : cours de surf tous niveaux, yoga quotidien, h\u00e9bergement confortable et repas sains dans un cadre naturel exceptionnel au c\u0153ur des Landes.\" \/>\n<meta name=\"robots\" content=\"index, follow, max-snippet:-1, max-image-preview:large, max-video-preview:-1\" \/>\n<link rel=\"canonical\" href=\"https:\/\/hossegor-surf-retreat.com\/en\/pourquoi-choisir-hossegor-surf-retreat\/\" \/>\n<meta property=\"og:locale\" content=\"en_US\" \/>\n<meta property=\"og:type\" content=\"article\" \/>\n<meta property=\"og:title\" content=\"Pourquoi choisir Hossegor Surf Retreat - Hossegor Surf Retreat\" \/>\n<meta property=\"og:description\" content=\"Rejoignez notre retraite de surf \u00e0 Hossegor : cours de surf tous niveaux, yoga quotidien, h\u00e9bergement confortable et repas sains dans un cadre naturel exceptionnel au c\u0153ur des Landes.\" \/>\n<meta property=\"og:url\" content=\"https:\/\/hossegor-surf-retreat.com\/en\/pourquoi-choisir-hossegor-surf-retreat\/\" \/>\n<meta property=\"og:site_name\" content=\"Hossegor Surf Retreat\" \/>\n<meta property=\"article:modified_time\" content=\"2025-07-10T08:20:28+00:00\" \/>\n<meta property=\"og:image\" content=\"http:\/\/hossegor-surf-retreat.com\/wp-content\/uploads\/2025\/07\/image-4-772x1024.webp\" \/>\n<meta name=\"twitter:card\" content=\"summary_large_image\" \/>\n<meta name=\"twitter:label1\" content=\"Est. reading time\" \/>\n\t<meta name=\"twitter:data1\" content=\"3 minutes\" \/>\n<script type=\"application\/ld+json\" class=\"yoast-schema-graph\">{\"@context\":\"https:\/\/schema.org\",\"@graph\":[{\"@type\":\"WebPage\",\"@id\":\"https:\/\/hossegor-surf-retreat.com\/pourquoi-choisir-hossegor-surf-retreat\/\",\"url\":\"https:\/\/hossegor-surf-retreat.com\/pourquoi-choisir-hossegor-surf-retreat\/\",\"name\":\"Pourquoi choisir Hossegor Surf Retreat - Hossegor Surf Retreat\",\"isPartOf\":{\"@id\":\"https:\/\/hossegor-surf-retreat.com\/#website\"},\"primaryImageOfPage\":{\"@id\":\"https:\/\/hossegor-surf-retreat.com\/pourquoi-choisir-hossegor-surf-retreat\/#primaryimage\"},\"image\":{\"@id\":\"https:\/\/hossegor-surf-retreat.com\/pourquoi-choisir-hossegor-surf-retreat\/#primaryimage\"},\"thumbnailUrl\":\"http:\/\/hossegor-surf-retreat.com\/wp-content\/uploads\/2025\/07\/image-4-772x1024.webp\",\"datePublished\":\"2025-07-09T14:07:33+00:00\",\"dateModified\":\"2025-07-10T08:20:28+00:00\",\"description\":\"Rejoignez notre retraite de surf \u00e0 Hossegor : cours de surf tous niveaux, yoga quotidien, h\u00e9bergement confortable et repas sains dans un cadre naturel exceptionnel au c\u0153ur des Landes.\",\"breadcrumb\":{\"@id\":\"https:\/\/hossegor-surf-retreat.com\/pourquoi-choisir-hossegor-surf-retreat\/#breadcrumb\"},\"inLanguage\":\"en-US\",\"potentialAction\":[{\"@type\":\"ReadAction\",\"target\":[\"https:\/\/hossegor-surf-retreat.com\/pourquoi-choisir-hossegor-surf-retreat\/\"]}]},{\"@type\":\"ImageObject\",\"inLanguage\":\"en-US\",\"@id\":\"https:\/\/hossegor-surf-retreat.com\/pourquoi-choisir-hossegor-surf-retreat\/#primaryimage\",\"url\":\"http:\/\/hossegor-surf-retreat.com\/wp-content\/uploads\/2025\/07\/image-4-772x1024.webp\",\"contentUrl\":\"http:\/\/hossegor-surf-retreat.com\/wp-content\/uploads\/2025\/07\/image-4-772x1024.webp\"},{\"@type\":\"BreadcrumbList\",\"@id\":\"https:\/\/hossegor-surf-retreat.com\/pourquoi-choisir-hossegor-surf-retreat\/#breadcrumb\",\"itemListElement\":[{\"@type\":\"ListItem\",\"position\":1,\"name\":\"Accueil\",\"item\":\"https:\/\/hossegor-surf-retreat.com\/\"},{\"@type\":\"ListItem\",\"position\":2,\"name\":\"Pourquoi choisir Hossegor Surf Retreat\"}]},{\"@type\":\"WebSite\",\"@id\":\"https:\/\/hossegor-surf-retreat.com\/#website\",\"url\":\"https:\/\/hossegor-surf-retreat.com\/\",\"name\":\"Hossegor Surf Retreat\",\"description\":\"Recharge \u2022 reconnect \u2022 ride \u2022\",\"potentialAction\":[{\"@type\":\"SearchAction\",\"target\":{\"@type\":\"EntryPoint\",\"urlTemplate\":\"https:\/\/hossegor-surf-retreat.com\/?s={search_term_string}\"},\"query-input\":{\"@type\":\"PropertyValueSpecification\",\"valueRequired\":true,\"valueName\":\"search_term_string\"}}],\"inLanguage\":\"en-US\"}]}<\/script>\n<!-- \/ Yoast SEO plugin. -->","yoast_head_json":{"title":"Pourquoi choisir Hossegor Surf Retreat - Hossegor Surf Retreat","description":"Rejoignez notre retraite de surf \u00e0 Hossegor : cours de surf tous niveaux, yoga quotidien, h\u00e9bergement confortable et repas sains dans un cadre naturel exceptionnel au c\u0153ur des Landes.","robots":{"index":"index","follow":"follow","max-snippet":"max-snippet:-1","max-image-preview":"max-image-preview:large","max-video-preview":"max-video-preview:-1"},"canonical":"https:\/\/hossegor-surf-retreat.com\/en\/pourquoi-choisir-hossegor-surf-retreat\/","og_locale":"en_US","og_type":"article","og_title":"Pourquoi choisir Hossegor Surf Retreat - Hossegor Surf Retreat","og_description":"Rejoignez notre retraite de surf \u00e0 Hossegor : cours de surf tous niveaux, yoga quotidien, h\u00e9bergement confortable et repas sains dans un cadre naturel exceptionnel au c\u0153ur des Landes.","og_url":"https:\/\/hossegor-surf-retreat.com\/en\/pourquoi-choisir-hossegor-surf-retreat\/","og_site_name":"Hossegor Surf Retreat","article_modified_time":"2025-07-10T08:20:28+00:00","og_image":[{"url":"http:\/\/hossegor-surf-retreat.com\/wp-content\/uploads\/2025\/07\/image-4-772x1024.webp","type":"","width":"","height":""}],"twitter_card":"summary_large_image","twitter_misc":{"Est. reading time":"3 minutes"},"schema":{"@context":"https:\/\/schema.org","@graph":[{"@type":"WebPage","@id":"https:\/\/hossegor-surf-retreat.com\/pourquoi-choisir-hossegor-surf-retreat\/","url":"https:\/\/hossegor-surf-retreat.com\/pourquoi-choisir-hossegor-surf-retreat\/","name":"Pourquoi choisir Hossegor Surf Retreat - Hossegor Surf Retreat","isPartOf":{"@id":"https:\/\/hossegor-surf-retreat.com\/#website"},"primaryImageOfPage":{"@id":"https:\/\/hossegor-surf-retreat.com\/pourquoi-choisir-hossegor-surf-retreat\/#primaryimage"},"image":{"@id":"https:\/\/hossegor-surf-retreat.com\/pourquoi-choisir-hossegor-surf-retreat\/#primaryimage"},"thumbnailUrl":"http:\/\/hossegor-surf-retreat.com\/wp-content\/uploads\/2025\/07\/image-4-772x1024.webp","datePublished":"2025-07-09T14:07:33+00:00","dateModified":"2025-07-10T08:20:28+00:00","description":"Rejoignez notre retraite de surf \u00e0 Hossegor : cours de surf tous niveaux, yoga quotidien, h\u00e9bergement confortable et repas sains dans un cadre naturel exceptionnel au c\u0153ur des Landes.","breadcrumb":{"@id":"https:\/\/hossegor-surf-retreat.com\/pourquoi-choisir-hossegor-surf-retreat\/#breadcrumb"},"inLanguage":"en-US","potentialAction":[{"@type":"ReadAction","target":["https:\/\/hossegor-surf-retreat.com\/pourquoi-choisir-hossegor-surf-retreat\/"]}]},{"@type":"ImageObject","inLanguage":"en-US","@id":"https:\/\/hossegor-surf-retreat.com\/pourquoi-choisir-hossegor-surf-retreat\/#primaryimage","url":"http:\/\/hossegor-surf-retreat.com\/wp-content\/uploads\/2025\/07\/image-4-772x1024.webp","contentUrl":"http:\/\/hossegor-surf-retreat.com\/wp-content\/uploads\/2025\/07\/image-4-772x1024.webp"},{"@type":"BreadcrumbList","@id":"https:\/\/hossegor-surf-retreat.com\/pourquoi-choisir-hossegor-surf-retreat\/#breadcrumb","itemListElement":[{"@type":"ListItem","position":1,"name":"Accueil","item":"https:\/\/hossegor-surf-retreat.com\/"},{"@type":"ListItem","position":2,"name":"Pourquoi choisir Hossegor Surf Retreat"}]},{"@type":"WebSite","@id":"https:\/\/hossegor-surf-retreat.com\/#website","url":"https:\/\/hossegor-surf-retreat.com\/","name":"Hossegor Surf Retreat","description":"Recharge \u2022 reconnect \u2022 ride \u2022","potentialAction":[{"@type":"SearchAction","target":{"@type":"EntryPoint","urlTemplate":"https:\/\/hossegor-surf-retreat.com\/?s={search_term_string}"},"query-input":{"@type":"PropertyValueSpecification","valueRequired":true,"valueName":"search_term_string"}}],"inLanguage":"en-US"}]}},"_links":{"self":[{"href":"https:\/\/hossegor-surf-retreat.com\/en\/wp-json\/wp\/v2\/pages\/186","targetHints":{"allow":["GET"]}}],"collection":[{"href":"https:\/\/hossegor-surf-retreat.com\/en\/wp-json\/wp\/v2\/pages"}],"about":[{"href":"https:\/\/hossegor-surf-retreat.com\/en\/wp-json\/wp\/v2\/types\/page"}],"author":[{"embeddable":true,"href":"https:\/\/hossegor-surf-retreat.com\/en\/wp-json\/wp\/v2\/users\/1"}],"replies":[{"embeddable":true,"href":"https:\/\/hossegor-surf-retreat.com\/en\/wp-json\/wp\/v2\/comments?post=186"}],"version-history":[{"count":25,"href":"https:\/\/hossegor-surf-retreat.com\/en\/wp-json\/wp\/v2\/pages\/186\/revisions"}],"predecessor-version":[{"id":237,"href":"https:\/\/hossegor-surf-retreat.com\/en\/wp-json\/wp\/v2\/pages\/186\/revisions\/237"}],"wp:attachment":[{"href":"https:\/\/hossegor-surf-retreat.com\/en\/wp-json\/wp\/v2\/media?parent=186"}],"curies":[{"name":"wp","href":"https:\/\/api.w.org\/{rel}","templated":true}]}}